{"id":156,"date":"2024-12-18T20:30:48","date_gmt":"2024-12-18T20:30:48","guid":{"rendered":"https:\/\/peteralexandra.com\/?page_id=156"},"modified":"2025-01-27T13:58:09","modified_gmt":"2025-01-27T13:58:09","slug":"principala","status":"publish","type":"page","link":"https:\/\/peteralexandra.com\/","title":{"rendered":"Pagina principal\u0103"},"content":{"rendered":"\n<div class=\"wp-block-group alignfull has-background-background-color has-background has-global-padding is-layout-constrained wp-container-core-group-is-layout-cbdeec30 wp-block-group-is-layout-constrained\" style=\"padding-top:0;padding-right:var(--wp--preset--spacing--30);padding-bottom:var(--wp--preset--spacing--60);padding-left:var(--wp--preset--spacing--30)\">\n<div class=\"wp-block-group alignwide is-layout-flow wp-block-group-is-layout-flow\">\n<figure class=\"wp-block-image size-large is-resized\"><img loading=\"lazy\" decoding=\"async\" width=\"1024\" height=\"775\" src=\"https:\/\/peteralexandra.com\/wp-content\/uploads\/2024\/12\/SaveTheDate-1024x775.jpg\" alt=\"\" class=\"wp-image-122\" style=\"width:1279px;height:auto\" srcset=\"https:\/\/peteralexandra.com\/wp-content\/uploads\/2024\/12\/SaveTheDate-1024x775.jpg 1024w, https:\/\/peteralexandra.com\/wp-content\/uploads\/2024\/12\/SaveTheDate-300x227.jpg 300w, https:\/\/peteralexandra.com\/wp-content\/uploads\/2024\/12\/SaveTheDate-768x581.jpg 768w, https:\/\/peteralexandra.com\/wp-content\/uploads\/2024\/12\/SaveTheDate.jpg 1280w\" sizes=\"auto, (max-width: 1024px) 100vw, 1024px\" \/><\/figure>\n<\/div>\n\n\n\n<h1 class=\"wp-block-heading alignwide has-text-align-center has-x-large-font-size\" style=\"margin-top:var(--wp--preset--spacing--40)\">S\u0103rb\u0103tori\u021bi iubirea al\u0103turi de noi<\/h1>\n\n\n\n<p class=\"has-text-align-center\">Alexandra &amp; Peter<\/p>\n<\/div>\n\n\n\n<div class=\"wp-block-group alignfull has-background has-global-padding is-layout-constrained wp-container-core-group-is-layout-7276a2bb wp-block-group-is-layout-constrained\" id=\"over-ons\" style=\"background-color:#334d18;margin-top:0;margin-bottom:0;padding-top:var(--wp--preset--spacing--60);padding-right:var(--wp--preset--spacing--30);padding-bottom:var(--wp--preset--spacing--60);padding-left:var(--wp--preset--spacing--30)\">\n<div class=\"wp-block-columns alignwide is-layout-flex wp-container-core-columns-is-layout-47c06fe3 wp-block-columns-is-layout-flex\">\n<div class=\"wp-block-column is-layout-flow wp-block-column-is-layout-flow\" style=\"flex-basis:50%\">\n<h2 class=\"wp-block-heading has-text-align-left has-background-color has-text-color has-link-color has-large-font-size wp-elements-31c76efc9b518eec0fe0c173f6c1cc6e\">Bine a\u021bi venit cu drag pe site-ul nostru de nunt\u0103<\/h2>\n<\/div>\n\n\n\n<div class=\"wp-block-column is-layout-flow wp-container-core-column-is-layout-f5bb311e wp-block-column-is-layout-flow\" style=\"flex-basis:50%\">\n<p class=\"has-background-color has-text-color has-link-color wp-elements-d82e712533b5197666b0ca1e24c4477d\">L\u0103sa\u021bi-ne s\u0103 v\u0103 ajut\u0103m cu o preg\u0103tire bun\u0103 pentru ziua noastr\u0103. V\u0103 vom \u021bine \u0219i la curent cu preg\u0103tirile noastre.<\/p>\n<\/div>\n<\/div>\n<\/div>\n","protected":false},"excerpt":{"rendered":"<p>S\u0103rb\u0103tori\u021bi iubirea al\u0103turi de noi Alexandra &amp; Peter Bine a\u021bi venit cu drag pe site-ul nostru de nunt\u0103 L\u0103sa\u021bi-ne s\u0103 v\u0103 ajut\u0103m cu o preg\u0103tire bun\u0103 pentru ziua noastr\u0103. V\u0103 vom \u021bine \u0219i la curent cu preg\u0103tirile noastre.<\/p>\n","protected":false},"author":1,"featured_media":0,"parent":0,"menu_order":0,"comment_status":"closed","ping_status":"closed","template":"wp-custom-template-ro","meta":{"_locale":"ro_RO","_original_post":"https:\/\/peteralexandra.com\/startpagina\/","footnotes":""},"class_list":["post-156","page","type-page","status-publish","hentry","ro-RO"],"_links":{"self":[{"href":"https:\/\/peteralexandra.com\/wp-json\/wp\/v2\/pages\/156","targetHints":{"allow":["GET"]}}],"collection":[{"href":"https:\/\/peteralexandra.com\/wp-json\/wp\/v2\/pages"}],"about":[{"href":"https:\/\/peteralexandra.com\/wp-json\/wp\/v2\/types\/page"}],"author":[{"embeddable":true,"href":"https:\/\/peteralexandra.com\/wp-json\/wp\/v2\/users\/1"}],"replies":[{"embeddable":true,"href":"https:\/\/peteralexandra.com\/wp-json\/wp\/v2\/comments?post=156"}],"version-history":[{"count":2,"href":"https:\/\/peteralexandra.com\/wp-json\/wp\/v2\/pages\/156\/revisions"}],"predecessor-version":[{"id":181,"href":"https:\/\/peteralexandra.com\/wp-json\/wp\/v2\/pages\/156\/revisions\/181"}],"wp:attachment":[{"href":"https:\/\/peteralexandra.com\/wp-json\/wp\/v2\/media?parent=156"}],"curies":[{"name":"wp","href":"https:\/\/api.w.org\/{rel}","templated":true}]}}